{"id":66,"date":"2016-08-28T20:58:43","date_gmt":"2016-08-28T20:58:43","guid":{"rendered":"http:\/\/www.iscm.com.ar\/web\/?page_id=66"},"modified":"2023-06-29T20:38:06","modified_gmt":"2023-06-29T20:38:06","slug":"ingresantes","status":"publish","type":"page","link":"https:\/\/www.iscm.edu.ar\/web\/ingresantes\/","title":{"rendered":"Ingresantes"},"content":{"rendered":"<h2 style=\"text-align: center;\"><img loading=\"lazy\" decoding=\"async\" class=\"aligncenter size-full wp-image-202\" src=\"https:\/\/www.iscm.edu.ar\/web\/wp-content\/uploads\/2016\/08\/iscmbanner-2.jpg\" alt=\"iscmbanner-2\" width=\"900\" height=\"113\" srcset=\"https:\/\/www.iscm.edu.ar\/web\/wp-content\/uploads\/2016\/08\/iscmbanner-2.jpg 900w, https:\/\/www.iscm.edu.ar\/web\/wp-content\/uploads\/2016\/08\/iscmbanner-2-300x38.jpg 300w, https:\/\/www.iscm.edu.ar\/web\/wp-content\/uploads\/2016\/08\/iscmbanner-2-768x96.jpg 768w\" sizes=\"(max-width: 900px) 100vw, 900px\" \/><\/h2>\n<p>&nbsp;<\/p>\n<h2 style=\"text-align: center;\">Bienvenido al Instituto Superior Ciudad de Mercedes<\/h2>\n<p style=\"text-align: center;\">Queremos brindarte toda la informaci\u00f3n que necesites, para que puedas elegir la carrera de tu elecci\u00f3n.<\/p>\n<p>&nbsp;<\/p>\n<div style=\"text-align:center;\"><img loading=\"lazy\" decoding=\"async\" class=\"wp-image-666 alignnone\" src=\"https:\/\/www.iscm.edu.ar\/web\/wp-content\/uploads\/2023\/05\/330819594_757342742640987_5692678266867083114_n.jpg\" alt=\"\" width=\"190\" height=\"237\" srcset=\"https:\/\/www.iscm.edu.ar\/web\/wp-content\/uploads\/2023\/05\/330819594_757342742640987_5692678266867083114_n.jpg 1080w, https:\/\/www.iscm.edu.ar\/web\/wp-content\/uploads\/2023\/05\/330819594_757342742640987_5692678266867083114_n-240x300.jpg 240w, https:\/\/www.iscm.edu.ar\/web\/wp-content\/uploads\/2023\/05\/330819594_757342742640987_5692678266867083114_n-819x1024.jpg 819w, https:\/\/www.iscm.edu.ar\/web\/wp-content\/uploads\/2023\/05\/330819594_757342742640987_5692678266867083114_n-768x960.jpg 768w\" sizes=\"(max-width: 190px) 100vw, 190px\" \/><img loading=\"lazy\" decoding=\"async\" class=\"wp-image-664 alignnone\" src=\"https:\/\/www.iscm.edu.ar\/web\/wp-content\/uploads\/2023\/05\/328039816_410824881264670_5323843837255183963_n.jpg\" alt=\"\" width=\"190\" height=\"238\" srcset=\"https:\/\/www.iscm.edu.ar\/web\/wp-content\/uploads\/2023\/05\/328039816_410824881264670_5323843837255183963_n.jpg 1080w, https:\/\/www.iscm.edu.ar\/web\/wp-content\/uploads\/2023\/05\/328039816_410824881264670_5323843837255183963_n-240x300.jpg 240w, https:\/\/www.iscm.edu.ar\/web\/wp-content\/uploads\/2023\/05\/328039816_410824881264670_5323843837255183963_n-819x1024.jpg 819w, https:\/\/www.iscm.edu.ar\/web\/wp-content\/uploads\/2023\/05\/328039816_410824881264670_5323843837255183963_n-768x960.jpg 768w\" sizes=\"(max-width: 190px) 100vw, 190px\" \/><img loading=\"lazy\" decoding=\"async\" class=\"wp-image-665 alignnone\" src=\"https:\/\/www.iscm.edu.ar\/web\/wp-content\/uploads\/2023\/05\/329367393_3371359619816349_6869955681790501575_n.jpg\" alt=\"\" width=\"190\" height=\"238\" srcset=\"https:\/\/www.iscm.edu.ar\/web\/wp-content\/uploads\/2023\/05\/329367393_3371359619816349_6869955681790501575_n.jpg 1080w, https:\/\/www.iscm.edu.ar\/web\/wp-content\/uploads\/2023\/05\/329367393_3371359619816349_6869955681790501575_n-240x300.jpg 240w, https:\/\/www.iscm.edu.ar\/web\/wp-content\/uploads\/2023\/05\/329367393_3371359619816349_6869955681790501575_n-819x1024.jpg 819w, https:\/\/www.iscm.edu.ar\/web\/wp-content\/uploads\/2023\/05\/329367393_3371359619816349_6869955681790501575_n-768x960.jpg 768w\" sizes=\"(max-width: 190px) 100vw, 190px\" \/><img loading=\"lazy\" decoding=\"async\" class=\"wp-image-663 alignnone\" src=\"https:\/\/www.iscm.edu.ar\/web\/wp-content\/uploads\/2023\/05\/328025533_1844528912596219_4023508663637767303_n.jpg\" alt=\"\" width=\"190\" height=\"238\" srcset=\"https:\/\/www.iscm.edu.ar\/web\/wp-content\/uploads\/2023\/05\/328025533_1844528912596219_4023508663637767303_n.jpg 1080w, https:\/\/www.iscm.edu.ar\/web\/wp-content\/uploads\/2023\/05\/328025533_1844528912596219_4023508663637767303_n-240x300.jpg 240w, https:\/\/www.iscm.edu.ar\/web\/wp-content\/uploads\/2023\/05\/328025533_1844528912596219_4023508663637767303_n-819x1024.jpg 819w, https:\/\/www.iscm.edu.ar\/web\/wp-content\/uploads\/2023\/05\/328025533_1844528912596219_4023508663637767303_n-768x960.jpg 768w\" sizes=\"(max-width: 190px) 100vw, 190px\" \/><img loading=\"lazy\" decoding=\"async\" class=\"wp-image-662 alignnone\" src=\"https:\/\/www.iscm.edu.ar\/web\/wp-content\/uploads\/2023\/05\/327375059_621954416428677_6294543733687748515_n.jpg\" alt=\"\" width=\"190\" height=\"238\" srcset=\"https:\/\/www.iscm.edu.ar\/web\/wp-content\/uploads\/2023\/05\/327375059_621954416428677_6294543733687748515_n.jpg 1080w, https:\/\/www.iscm.edu.ar\/web\/wp-content\/uploads\/2023\/05\/327375059_621954416428677_6294543733687748515_n-240x300.jpg 240w, https:\/\/www.iscm.edu.ar\/web\/wp-content\/uploads\/2023\/05\/327375059_621954416428677_6294543733687748515_n-819x1024.jpg 819w, https:\/\/www.iscm.edu.ar\/web\/wp-content\/uploads\/2023\/05\/327375059_621954416428677_6294543733687748515_n-768x960.jpg 768w\" sizes=\"(max-width: 190px) 100vw, 190px\" \/><\/div>\n<p style=\"text-align: center;\">Para hacer tu consulta clickea aqui.<\/p>\n<div style=\"text-align:center;\"><a href=\"https:\/\/wa.me\/5492324560128?text=%C2%A1Hola%21%20Te%20queria%20hacer%20una%20consulta.%20Mi%20consulta%20es%3A\"><img loading=\"lazy\" decoding=\"async\" src=\"https:\/\/cdn-icons-png.flaticon.com\/512\/124\/124034.png?w=360\" alt=\"\" width=\"128\" height=\"128\" style=\"border-radius:25px;\"\/><\/a><\/div>\n<hr \/>\n<h2 style=\"text-align: center;\">REQUISITOS<\/h2>\n<ul>\n<li style=\"text-align: left;\">Fotocopia del DNI frente y dorso legalizada o autenticada por autoridad competente<\/li>\n<li style=\"text-align: left;\">2 fotos de 4cm x\u00a04cm (tipo carnet)<\/li>\n<li style=\"text-align: left;\">Constancia de alumno regular o constancia de t\u00edtulo en tr\u00e1mite<\/li>\n<li style=\"text-align: left;\">Fotocopia de T\u00edtulo Secundario, legalizada o autenticada\u00a0por autoridad competente<\/li>\n<li style=\"text-align: left;\">Certificado de examen psicof\u00edsico extendido por m\u00e9dico particular u hospital, el <strong>Profesorado de Educaci\u00f3n F\u00edsica requiere examen m\u00e9dico especial y formulario espec\u00edfico para completar por el m\u00e9dico.<\/strong><br \/>\n<strong>DESCARGAR LOS SIGUIENTES FORMULARIOS PARA EDUCACION FISICA:<br \/>\n<a href=\"https:\/\/www.iscm.edu.ar\/web\/wp-content\/uploads\/2022\/10\/Apto-medico-1.pdf\">Apto m\u00e9dico (1)<\/a><br \/>\n<a href=\"https:\/\/www.iscm.edu.ar\/web\/wp-content\/uploads\/2022\/10\/apto-fisico-2.pdf\">Apto f\u00edsico (2)<\/a>\u00a0<\/strong><\/li>\n<\/ul>\n<hr \/>\n<p><strong>Importante:<\/strong><\/p>\n<p><strong>SE PUEDEN INICIAR LAS CURSADAS, ADEUDANDO MATERIAS DEL SECUNDARIO<\/strong><\/p>\n<p>Se debe tener el certificado de t\u00edtulo secundario en tr\u00e1mite antes del 30 de Mayo.<\/p>\n<p>&nbsp;<\/p>\n<p><strong><img loading=\"lazy\" decoding=\"async\" class=\"alignleft size-thumbnail wp-image-223\" src=\"https:\/\/www.iscm.edu.ar\/web\/wp-content\/uploads\/2016\/08\/1351296536icono_autobus-150x150.png\" alt=\"1351296536icono_autobus\" width=\"150\" height=\"150\" srcset=\"https:\/\/www.iscm.edu.ar\/web\/wp-content\/uploads\/2016\/08\/1351296536icono_autobus-150x150.png 150w, https:\/\/www.iscm.edu.ar\/web\/wp-content\/uploads\/2016\/08\/1351296536icono_autobus-300x300.png 300w, https:\/\/www.iscm.edu.ar\/web\/wp-content\/uploads\/2016\/08\/1351296536icono_autobus-250x250.png 250w, https:\/\/www.iscm.edu.ar\/web\/wp-content\/uploads\/2016\/08\/1351296536icono_autobus.png 500w, https:\/\/www.iscm.edu.ar\/web\/wp-content\/uploads\/2016\/08\/1351296536icono_autobus-174x174.png 174w\" sizes=\"(max-width: 150px) 100vw, 150px\" \/>Proximidad a los medios de transportes.<br \/>\n<\/strong>Estamos a\u00a0<strong>8 cuadras<\/strong> de transporte Atl\u00e1ntida;\u00a0<strong>12 cuadras<\/strong> aproximadamente del ferrocarril Sarmiento;\u00a0<strong>15 cuadras<\/strong> aproximadamente de la terminal de \u00d3mnibus.<\/p>\n<p>Los alumnos de San Antonio de Areco , Carmen de Areco y Giles pueden utilizar el transporte MASTER BUS que llega <strong>a la puerta<\/strong> del Instituto a las 16:30 hs, y sale del instituto a las 21:30 hs.<\/p>\n","protected":false},"excerpt":{"rendered":"<p>&nbsp; Bienvenido al Instituto Superior Ciudad de Mercedes Queremos brindarte toda la informaci\u00f3n que necesites, para que puedas elegir la carrera de tu elecci\u00f3n. &nbsp; Para hacer tu consulta clickea aqui. REQUISITOS Fotocopia del DNI frente y dorso legalizada o autenticada por autoridad competente 2 fotos de 4cm x\u00a04cm (tipo carnet) Constancia de alumno regular <a href=\"https:\/\/www.iscm.edu.ar\/web\/ingresantes\/\" rel=\"nofollow\"><span class=\"sr-only\">Leer m\u00e1sIngresantes<\/span>[&hellip;]<\/a><\/p>\n","protected":false},"author":1,"featured_media":0,"parent":0,"menu_order":1,"comment_status":"closed","ping_status":"closed","template":"","meta":{"footnotes":""},"class_list":["post-66","page","type-page","status-publish","hentry"],"_links":{"self":[{"href":"https:\/\/www.iscm.edu.ar\/web\/wp-json\/wp\/v2\/pages\/66"}],"collection":[{"href":"https:\/\/www.iscm.edu.ar\/web\/wp-json\/wp\/v2\/pages"}],"about":[{"href":"https:\/\/www.iscm.edu.ar\/web\/wp-json\/wp\/v2\/types\/page"}],"author":[{"embeddable":true,"href":"https:\/\/www.iscm.edu.ar\/web\/wp-json\/wp\/v2\/users\/1"}],"replies":[{"embeddable":true,"href":"https:\/\/www.iscm.edu.ar\/web\/wp-json\/wp\/v2\/comments?post=66"}],"version-history":[{"count":28,"href":"https:\/\/www.iscm.edu.ar\/web\/wp-json\/wp\/v2\/pages\/66\/revisions"}],"predecessor-version":[{"id":690,"href":"https:\/\/www.iscm.edu.ar\/web\/wp-json\/wp\/v2\/pages\/66\/revisions\/690"}],"wp:attachment":[{"href":"https:\/\/www.iscm.edu.ar\/web\/wp-json\/wp\/v2\/media?parent=66"}],"curies":[{"name":"wp","href":"https:\/\/api.w.org\/{rel}","templated":true}]}}