{"id":578,"date":"2021-09-08T19:18:57","date_gmt":"2021-09-08T19:18:57","guid":{"rendered":"http:\/\/www.iscm.edu.ar\/web\/?page_id=578"},"modified":"2021-09-08T19:18:57","modified_gmt":"2021-09-08T19:18:57","slug":"salidas-educativas-y-de-representacion-institucional","status":"publish","type":"page","link":"https:\/\/www.iscm.edu.ar\/web\/normativa\/salidas-educativas-y-de-representacion-institucional\/","title":{"rendered":"Salidas Educativas y de Representaci\u00f3n Institucional"},"content":{"rendered":"<p>Marco Normativo aplicable a la realizaci\u00f3n de Salidas Educativas y de Representaci\u00f3n Institucional ( Res 378\/17)<\/p>\n<p><a href=\"https:\/\/www.iscm.edu.ar\/web\/wp-content\/uploads\/2021\/09\/norma.jpg\"><img loading=\"lazy\" decoding=\"async\" class=\"alignnone  wp-image-579\" src=\"https:\/\/www.iscm.edu.ar\/web\/wp-content\/uploads\/2021\/09\/norma.jpg\" alt=\"\" width=\"316\" height=\"558\" \/><\/a><\/p>\n<p><strong><a href=\"https:\/\/mega.nz\/file\/rwR3zKpJ#G-mHAaDyx5VO-a0up7lAWjygzJseXsebk9VjwHiOSS4\">DESCARGAR LA NORMATIVA EN PDF<\/a><\/strong><\/p>\n","protected":false},"excerpt":{"rendered":"<p>Marco Normativo aplicable a la realizaci\u00f3n de Salidas Educativas y de Representaci\u00f3n Institucional ( Res 378\/17) DESCARGAR LA NORMATIVA EN PDF<\/p>\n","protected":false},"author":1,"featured_media":0,"parent":255,"menu_order":3,"comment_status":"closed","ping_status":"closed","template":"","meta":{"footnotes":""},"class_list":["post-578","page","type-page","status-publish","hentry"],"_links":{"self":[{"href":"https:\/\/www.iscm.edu.ar\/web\/wp-json\/wp\/v2\/pages\/578"}],"collection":[{"href":"https:\/\/www.iscm.edu.ar\/web\/wp-json\/wp\/v2\/pages"}],"about":[{"href":"https:\/\/www.iscm.edu.ar\/web\/wp-json\/wp\/v2\/types\/page"}],"author":[{"embeddable":true,"href":"https:\/\/www.iscm.edu.ar\/web\/wp-json\/wp\/v2\/users\/1"}],"replies":[{"embeddable":true,"href":"https:\/\/www.iscm.edu.ar\/web\/wp-json\/wp\/v2\/comments?post=578"}],"version-history":[{"count":1,"href":"https:\/\/www.iscm.edu.ar\/web\/wp-json\/wp\/v2\/pages\/578\/revisions"}],"predecessor-version":[{"id":580,"href":"https:\/\/www.iscm.edu.ar\/web\/wp-json\/wp\/v2\/pages\/578\/revisions\/580"}],"up":[{"embeddable":true,"href":"https:\/\/www.iscm.edu.ar\/web\/wp-json\/wp\/v2\/pages\/255"}],"wp:attachment":[{"href":"https:\/\/www.iscm.edu.ar\/web\/wp-json\/wp\/v2\/media?parent=578"}],"curies":[{"name":"wp","href":"https:\/\/api.w.org\/{rel}","templated":true}]}}