{"id":552,"date":"2021-08-25T20:03:54","date_gmt":"2021-08-25T20:03:54","guid":{"rendered":"https:\/\/www.iscm.edu.ar\/web\/?page_id=552"},"modified":"2021-09-08T19:14:46","modified_gmt":"2021-09-08T19:14:46","slug":"regimen-academico-marco","status":"publish","type":"page","link":"https:\/\/www.iscm.edu.ar\/web\/normativa\/regimen-academico-marco\/","title":{"rendered":"R\u00e9gimen Acad\u00e9mico Marco"},"content":{"rendered":"<p>R\u00e9gimen Acad\u00e9mico Marco para los Institutos Superiores de Formaci\u00f3n Docente y T\u00e9cnica de la Provincia de Buenos Aires. (Res 4043\/09)<\/p>\n<p><img loading=\"lazy\" decoding=\"async\" class=\"alignnone wp-image-553\" src=\"https:\/\/www.iscm.edu.ar\/web\/wp-content\/uploads\/2021\/08\/res_4043_09_regimen_academico_marco_des_page-0001.jpg\" alt=\"\" width=\"372\" height=\"579\" \/><\/p>\n<p><a href=\"https:\/\/mega.nz\/file\/npZ1RCgR#qdc9tLmI6sMIxhbexstPFV3TZ1iqI3lqmRVKH1CIJaI\"><strong>DESCARGAR LA NORMATIVA EN PDF<\/strong><\/a><\/p>\n","protected":false},"excerpt":{"rendered":"<p>R\u00e9gimen Acad\u00e9mico Marco para los Institutos Superiores de Formaci\u00f3n Docente y T\u00e9cnica de la Provincia de Buenos Aires. (Res 4043\/09) DESCARGAR LA NORMATIVA EN PDF<\/p>\n","protected":false},"author":1,"featured_media":0,"parent":255,"menu_order":2,"comment_status":"closed","ping_status":"closed","template":"","meta":{"footnotes":""},"class_list":["post-552","page","type-page","status-publish","hentry"],"_links":{"self":[{"href":"https:\/\/www.iscm.edu.ar\/web\/wp-json\/wp\/v2\/pages\/552"}],"collection":[{"href":"https:\/\/www.iscm.edu.ar\/web\/wp-json\/wp\/v2\/pages"}],"about":[{"href":"https:\/\/www.iscm.edu.ar\/web\/wp-json\/wp\/v2\/types\/page"}],"author":[{"embeddable":true,"href":"https:\/\/www.iscm.edu.ar\/web\/wp-json\/wp\/v2\/users\/1"}],"replies":[{"embeddable":true,"href":"https:\/\/www.iscm.edu.ar\/web\/wp-json\/wp\/v2\/comments?post=552"}],"version-history":[{"count":2,"href":"https:\/\/www.iscm.edu.ar\/web\/wp-json\/wp\/v2\/pages\/552\/revisions"}],"predecessor-version":[{"id":577,"href":"https:\/\/www.iscm.edu.ar\/web\/wp-json\/wp\/v2\/pages\/552\/revisions\/577"}],"up":[{"embeddable":true,"href":"https:\/\/www.iscm.edu.ar\/web\/wp-json\/wp\/v2\/pages\/255"}],"wp:attachment":[{"href":"https:\/\/www.iscm.edu.ar\/web\/wp-json\/wp\/v2\/media?parent=552"}],"curies":[{"name":"wp","href":"https:\/\/api.w.org\/{rel}","templated":true}]}}