{"id":448,"date":"2019-11-26T11:09:25","date_gmt":"2019-11-26T11:09:25","guid":{"rendered":"http:\/\/www.iscm.edu.ar\/web\/?page_id=448"},"modified":"2024-08-26T02:35:20","modified_gmt":"2024-08-26T02:35:20","slug":"tecnicatura-en-escena-del-crimen","status":"publish","type":"page","link":"https:\/\/www.iscm.edu.ar\/web\/carreras\/tecnicatura-en-escena-del-crimen\/","title":{"rendered":"Tecnicatura en Escena del Crimen"},"content":{"rendered":"<h1><img loading=\"lazy\" decoding=\"async\" class=\"aligncenter wp-image-449 size-full\" src=\"https:\/\/www.iscm.edu.ar\/web\/wp-content\/uploads\/2019\/11\/bann1-e1629916298632.jpg\" alt=\"\" width=\"721\" height=\"172\" srcset=\"https:\/\/www.iscm.edu.ar\/web\/wp-content\/uploads\/2019\/11\/bann1-e1629916298632.jpg 721w, https:\/\/www.iscm.edu.ar\/web\/wp-content\/uploads\/2019\/11\/bann1-e1629916298632-300x72.jpg 300w\" sizes=\"(max-width: 721px) 100vw, 721px\" \/><\/h1>\n<p>&nbsp;<\/p>\n<p><strong><u>TITULO: <\/u><\/strong>T\u00c9CNICO SUPERIOR EN ESCENA DEL CRIMEN<\/p>\n<p><strong>RESOLUCI\u00d3N \u00a0688\/07<\/strong><\/p>\n<p><u>MODALIDAD<strong>:<\/strong><\/u><strong>\u00a0PRESENCIAL\u00a0\u00a0\u00a0<\/strong><\/p>\n<p><strong>\u00a0<\/strong><\/p>\n<p><strong>PERFIL PROFESIONAL DEL TECNICO SUPERIOR:<\/strong><\/p>\n<p><strong>\u00a0<\/strong><\/p>\n<p>El egresado de la Tecnicatura\u00a0 Superior en Escena del crimen estar\u00e1 capacitado para:<\/p>\n<ul>\n<li>Actuar en calidad de perito como auxiliar de la justicia o como consultor t\u00e9cnico en tareas inherentes a la prevenci\u00f3n en la escena del crimen. O de indicios de inter\u00e9s<\/li>\n<li>Determinar estrategias para el relevamiento de rastros o indicios de inter\u00e9s pericial criminal\u00edstico .<\/li>\n<li>Interactuar con otros profesionales en el tratamiento especial que requiere la escena del crimen, un enfoque interdisciplinario<\/li>\n<li>Analizar rastros de origen papilar que sirvan para establecer la identidad f\u00edsica del autor o de los autores o que puedan usarse como indicios de la misma y que puedan as\u00ed formar parte de la prueba en el juicio penal.<\/li>\n<li>Informar con claridad y con objetividad todo lo relativo a su incumbencia t\u00e9cnico profesional.<\/li>\n<li>Conducir, organizar y auditar Servicios P\u00fablicos de Criminal\u00edstica de Campo.<\/li>\n<\/ul>\n<p><em><strong>\u00a0<\/strong><\/em>Plan de Estudio<\/p>\n<p><u>DURACI\u00d3N<\/u><strong>: 3 A\u00d1OS<\/strong><\/p>\n<p><a href=\"https:\/\/www.iscm.edu.ar\/web\/wp-content\/uploads\/2023\/08\/tec-escenacrimenres-res-688_07.pdf\" rel=\"noopener\" target=\"_blank\"><img decoding=\"async\" src=\"https:\/\/icon-library.com\/images\/pdf-icon-png\/pdf-icon-png-22.jpg\" alt=\"pdf\" style=\"width:20px;height:20px;\"\/> Plan de la carrera<\/a><\/p>\n<p>&nbsp;<\/p>\n<table>\n<tbody>\n<tr>\n<td width=\"719\">\n<h2><strong><em><u>PRIMER NIVEL<\/u><\/em><\/strong><\/h2>\n<\/td>\n<\/tr>\n<tr>\n<td width=\"719\"><strong><u>ESPACIO DE LA FORMACI\u00d3N B\u00c1SICA<\/u><\/strong><br \/>\nCIENCIAS FORENSES I<br \/>\nDERECHOS HUMANOS I<br \/>\nINGL\u00c9S I<br \/>\nDIN\u00c1MICA HIST\u00d3RICA E IDENTIDAD CULTURAL<\/td>\n<\/tr>\n<tr>\n<td width=\"719\"><strong><u>ESPACIO DE LA FORMACI\u00d3N ESPEC\u00cdFICA<\/u><\/strong><br \/>\nPAPILOSCOP\u00cdA I<br \/>\nMARCO JUR\u00cdDICO Y ROL PROFESIONAL I<br \/>\nRASTROS E INDICIOS I<br \/>\nCRIMINAL\u00cdSTICA DE CAMPO I<\/td>\n<\/tr>\n<tr>\n<td width=\"719\"><strong><u>ESPACIO DE DEFINICI\u00d3N INSTITUCIONAL ( EDI)<\/u><\/strong><\/td>\n<\/tr>\n<tr>\n<td width=\"719\">TEOLOG\u00cdA I<\/td>\n<\/tr>\n<tr>\n<td width=\"719\">\n<h2><strong><em><u>SEGUNDO NIVEL<\/u><\/em><\/strong><\/h2>\n<\/td>\n<\/tr>\n<tr>\n<td width=\"719\"><strong><u>ESPACIO DE LA FORMACI\u00d3N B\u00c1SICA<\/u><\/strong><br \/>\nCIENCIAS FORENSES II<br \/>\nDERECHOS HUMANOS II<br \/>\nINGL\u00c9S II<\/td>\n<\/tr>\n<tr>\n<td width=\"719\"><strong><u>ESPACIO DE LA FORMACI\u00d3N ESPEC\u00cdFICA<\/u><\/strong><br \/>\nPAPILOSCOP\u00cdA II<br \/>\nMARCO JUR\u00cdDICO Y ROL PROFESIONAL II<br \/>\nRASTROS E INDICIOS II<br \/>\nCRIMINAL\u00cdSTICA DE CAMPO II<br \/>\nPR\u00c1CTICAS DE ADAPTACI\u00d3N CRIMINAL\u00cdSTICA I<\/td>\n<\/tr>\n<tr>\n<td width=\"719\"><strong><u>ESPACIO DE DEFINICI\u00d3N INSTITUCIONAL ( EDI)<\/u><\/strong><\/td>\n<\/tr>\n<tr>\n<td width=\"719\">TEOLOG\u00cdA II<\/td>\n<\/tr>\n<tr>\n<td width=\"719\">\n<h2><strong><em><u>TERCER NIVEL<\/u><\/em><\/strong><\/h2>\n<\/td>\n<\/tr>\n<tr>\n<td width=\"719\"><strong><u>ESPACIO DE LA FORMACI\u00d3N B\u00c1SICA<\/u><\/strong><br \/>\nCIENCIAS FORENSES III<br \/>\nDERECHOS HUMANOS III<br \/>\nINGL\u00c9S III<br \/>\nPROBLEM\u00c1TICA DE LA CULTURA CONTEMPOR\u00c1NEA<\/td>\n<\/tr>\n<tr>\n<td width=\"719\"><strong><u>ESPACIO DE LA FORMACI\u00d3N ESPEC\u00cdFICA<\/u><\/strong><br \/>\nLABORATORIO DE T\u00c9CNICA FORENSE<br \/>\nMARCO JUR\u00cdDICO Y ROL PROFESIONAL III<br \/>\nCRIMINAL\u00cdSTICA DE CAMPO III<br \/>\nPR\u00c1CTICAS DE ADAPTACI\u00d3N CRIMINAL\u00cdSTICA<\/td>\n<\/tr>\n<tr>\n<td width=\"719\"><strong><u>ESPACIO DE DEFINICI\u00d3N INSTITUCIONAL ( EDI)<\/u><\/strong><\/td>\n<\/tr>\n<tr>\n<td width=\"719\">TEOLOG\u00cdA III<\/td>\n<\/tr>\n<\/tbody>\n<\/table>\n<p><strong>\u00a0<\/strong><\/p>\n<p><strong>Preceptor: Patricia Echaniz<\/strong><\/p>\n<div><b><a href=\"https:\/\/www.iscm.edu.ar\/\" target=\"_blank\" rel=\"noopener\" data-saferedirecturl=\"https:\/\/www.google.com\/url?hl=es&amp;q=https:\/\/www.iscm.edu.ar\/&amp;source=gmail&amp;ust=1472859477701000&amp;usg=AFQjCNEEtI8rB7qM8FUjS-Q6qWtoRwMLiA\">www.iscm.edu.ar<\/a><\/b><\/div>\n<div><b>02324-421211<\/b><\/div>\n<div><b>Calle 15 y 114\u00a0<\/b><b>Mercedes B<\/b><\/div>\n","protected":false},"excerpt":{"rendered":"<p>&nbsp; TITULO: T\u00c9CNICO SUPERIOR EN ESCENA DEL CRIMEN RESOLUCI\u00d3N \u00a0688\/07 MODALIDAD:\u00a0PRESENCIAL\u00a0\u00a0\u00a0 \u00a0 PERFIL PROFESIONAL DEL TECNICO SUPERIOR: \u00a0 El egresado de la Tecnicatura\u00a0 Superior en Escena del crimen estar\u00e1 capacitado para: Actuar en calidad de perito como auxiliar de la justicia o como consultor t\u00e9cnico en tareas inherentes a la prevenci\u00f3n en la escena del <a href=\"https:\/\/www.iscm.edu.ar\/web\/carreras\/tecnicatura-en-escena-del-crimen\/\" rel=\"nofollow\"><span class=\"sr-only\">Leer m\u00e1sTecnicatura en Escena del Crimen<\/span>[&hellip;]<\/a><\/p>\n","protected":false},"author":1,"featured_media":0,"parent":68,"menu_order":6,"comment_status":"closed","ping_status":"closed","template":"","meta":{"footnotes":""},"class_list":["post-448","page","type-page","status-publish","hentry"],"_links":{"self":[{"href":"https:\/\/www.iscm.edu.ar\/web\/wp-json\/wp\/v2\/pages\/448"}],"collection":[{"href":"https:\/\/www.iscm.edu.ar\/web\/wp-json\/wp\/v2\/pages"}],"about":[{"href":"https:\/\/www.iscm.edu.ar\/web\/wp-json\/wp\/v2\/types\/page"}],"author":[{"embeddable":true,"href":"https:\/\/www.iscm.edu.ar\/web\/wp-json\/wp\/v2\/users\/1"}],"replies":[{"embeddable":true,"href":"https:\/\/www.iscm.edu.ar\/web\/wp-json\/wp\/v2\/comments?post=448"}],"version-history":[{"count":11,"href":"https:\/\/www.iscm.edu.ar\/web\/wp-json\/wp\/v2\/pages\/448\/revisions"}],"predecessor-version":[{"id":1006,"href":"https:\/\/www.iscm.edu.ar\/web\/wp-json\/wp\/v2\/pages\/448\/revisions\/1006"}],"up":[{"embeddable":true,"href":"https:\/\/www.iscm.edu.ar\/web\/wp-json\/wp\/v2\/pages\/68"}],"wp:attachment":[{"href":"https:\/\/www.iscm.edu.ar\/web\/wp-json\/wp\/v2\/media?parent=448"}],"curies":[{"name":"wp","href":"https:\/\/api.w.org\/{rel}","templated":true}]}}