{"id":18,"date":"2016-08-16T18:10:57","date_gmt":"2016-08-16T18:10:57","guid":{"rendered":"http:\/\/www.iscm.com.ar\/web\/?page_id=18"},"modified":"2016-09-02T00:25:51","modified_gmt":"2016-09-02T00:25:51","slug":"nuestro-escudo","status":"publish","type":"page","link":"https:\/\/www.iscm.edu.ar\/web\/institucional\/nuestro-escudo\/","title":{"rendered":"Nuestro escudo"},"content":{"rendered":"<h2><strong>Explicaci\u00f3n her\u00e1ldica de las partes del escudo del Instituto<br \/>\n<\/strong><\/h2>\n<p><a href=\"http:\/\/www.iscm.com.ar\/web\/wp-content\/uploads\/2016\/08\/escudo-gde.jpg\"><img loading=\"lazy\" decoding=\"async\" class=\"size-medium wp-image-20 alignright\" src=\"http:\/\/www.iscm.com.ar\/web\/wp-content\/uploads\/2016\/08\/escudo-gde-300x300.jpg\" alt=\"escudo-gde\" width=\"300\" height=\"300\" srcset=\"https:\/\/www.iscm.edu.ar\/web\/wp-content\/uploads\/2016\/08\/escudo-gde-300x300.jpg 300w, https:\/\/www.iscm.edu.ar\/web\/wp-content\/uploads\/2016\/08\/escudo-gde-150x150.jpg 150w, https:\/\/www.iscm.edu.ar\/web\/wp-content\/uploads\/2016\/08\/escudo-gde.jpg 422w\" sizes=\"(max-width: 300px) 100vw, 300px\" \/><\/a><\/p>\n<p style=\"text-align: right;\">El logotipo del Instituto Superior de Formaci\u00f3n Docente y T\u00e9cnica Ciudad de Mercedes trae campo de sinople (de Instituci\u00f3n Libre, no oficial) y sobre \u00e9l en palo la columna j\u00f3nica de oro (que es de Ciencias) y cinco libros de gules cantos de oro y p\u00e1ginas de plata uno de ellos apoyado sobre los restantes y abierto (que es de los cinco primeros profesorados con que se inici\u00f3 el Instituto); en cant\u00f3n franco diestro el escus\u00f3n de la Orden de la Merced que es de la ciudad de Mercedes (el primer capell\u00e1n de la antigua Guardia de Luj\u00e1n con asiento en la hoy ciudad de Mercedes fue mercedario) de gules con la cruz de Malta en plata la cabeza, cortado de oro los cuatro palos de gules que es de Arag\u00f3n (Jaime I de Arag\u00f3n fue uno de sus tres fundadores); entrado en punta de plata, un cardo de ramas verdes y flores azules que es de sacrificio y servicio; en una cartela de pergamino y dos ramas de roble, que es de virtudes c\u00edvicas con la divisa en azur IN LABORE TENACES (constantes en el trabajo).<\/p>\n","protected":false},"excerpt":{"rendered":"<p>Explicaci\u00f3n her\u00e1ldica de las partes del escudo del Instituto El logotipo del Instituto Superior de Formaci\u00f3n Docente y T\u00e9cnica Ciudad de Mercedes trae campo de sinople (de Instituci\u00f3n Libre, no oficial) y sobre \u00e9l en palo la columna j\u00f3nica de oro (que es de Ciencias) y cinco libros de gules cantos de oro y p\u00e1ginas <a href=\"https:\/\/www.iscm.edu.ar\/web\/institucional\/nuestro-escudo\/\" rel=\"nofollow\"><span class=\"sr-only\">Leer m\u00e1sNuestro escudo<\/span>[&hellip;]<\/a><\/p>\n","protected":false},"author":1,"featured_media":0,"parent":11,"menu_order":2,"comment_status":"closed","ping_status":"closed","template":"","meta":{"footnotes":""},"class_list":["post-18","page","type-page","status-publish","hentry"],"_links":{"self":[{"href":"https:\/\/www.iscm.edu.ar\/web\/wp-json\/wp\/v2\/pages\/18"}],"collection":[{"href":"https:\/\/www.iscm.edu.ar\/web\/wp-json\/wp\/v2\/pages"}],"about":[{"href":"https:\/\/www.iscm.edu.ar\/web\/wp-json\/wp\/v2\/types\/page"}],"author":[{"embeddable":true,"href":"https:\/\/www.iscm.edu.ar\/web\/wp-json\/wp\/v2\/users\/1"}],"replies":[{"embeddable":true,"href":"https:\/\/www.iscm.edu.ar\/web\/wp-json\/wp\/v2\/comments?post=18"}],"version-history":[{"count":4,"href":"https:\/\/www.iscm.edu.ar\/web\/wp-json\/wp\/v2\/pages\/18\/revisions"}],"predecessor-version":[{"id":142,"href":"https:\/\/www.iscm.edu.ar\/web\/wp-json\/wp\/v2\/pages\/18\/revisions\/142"}],"up":[{"embeddable":true,"href":"https:\/\/www.iscm.edu.ar\/web\/wp-json\/wp\/v2\/pages\/11"}],"wp:attachment":[{"href":"https:\/\/www.iscm.edu.ar\/web\/wp-json\/wp\/v2\/media?parent=18"}],"curies":[{"name":"wp","href":"https:\/\/api.w.org\/{rel}","templated":true}]}}