{"id":1127,"date":"2025-10-09T05:48:33","date_gmt":"2025-10-09T05:48:33","guid":{"rendered":"https:\/\/www.iscm.edu.ar\/web\/?page_id=1127"},"modified":"2025-10-17T00:36:42","modified_gmt":"2025-10-17T00:36:42","slug":"tecnicatura-superior-en-enfermeria","status":"publish","type":"page","link":"https:\/\/www.iscm.edu.ar\/web\/tecnicatura-superior-en-enfermeria\/","title":{"rendered":"Tecnicatura Superior en Enfermer\u00eda"},"content":{"rendered":"<p><img loading=\"lazy\" decoding=\"async\" class=\"aligncenter size-full wp-image-97\" src=\"https:\/\/www.iscm.edu.ar\/web\/wp-content\/uploads\/2025\/10\/enfermeria-scaled.jpg\" alt=\"\" width=\"820\" height=\"301\" \/><\/p>\n<h1><span style=\"color: #00c6b9;\">Tecnicatura Superior en Enfermeria<\/span><\/h1>\n<p><strong><u>TITULO: <\/u><\/strong><strong>Enfermero \/ Enfermera<\/strong><\/p>\n<p><strong>RESOLUCI\u00d3N 854\/16 <\/strong><\/p>\n<p><strong>PERFIL PROFESIONAL:<\/strong><br \/>\nLa Tecnicatura Superior en Enfermer\u00eda tiene como principal prop\u00f3sito formar profesionales generalistas con preparaci\u00f3n cient\u00edfica, humana y capacitaci\u00f3n suficiente para valorar, identificar, actuar y evaluar las necesidades de salud y de cuidados de las personas, de las familias y la comunidad durante todo el proceso de salud- enfermedad.<br \/>\n<strong>PERFIL DEL EGRESADO:<\/strong><br \/>\nEl Enfermero\/a est\u00e1 capacitado para el ejercicio profesional en relaci\u00f3n de dependencia y en forma libre, desarrollando, brindando y gestionando los cuidados de enfermer\u00eda para la promoci\u00f3n, prevenci\u00f3n, recuperaci\u00f3n y rehabilitaci\u00f3n de las personas  hasta el nivel de cuidados intermedios, en los \u00e1mbitos comunitario y hospitalario; gestionando su \u00e1mbito de trabajo y participando en estudios de investigaci\u00f3n- acci\u00f3n.<\/p>\n<p>&nbsp;<br \/>\n<strong><u>DURACION DE LA CARRERA<\/u><\/strong>: 3 a\u00f1os<\/p>\n<p><a href=\"https:\/\/www.iscm.edu.ar\/web\/wp-content\/uploads\/2025\/10\/TS-en-Enfermeria-Res.-854_16.pdf\" rel=\"noopener\" target=\"_blank\"><img decoding=\"async\" src=\"https:\/\/www.iscm.edu.ar\/web\/wp-content\/uploads\/2025\/10\/pdf-icon-png-22.png\" alt=\"pdf\" style=\"width:20px;height:20px;\"\/> Plan de la carrera<\/a><\/p>\n<p><strong>\u00c1REA OCUPACIONAL<\/strong><br \/>\nEl \u00e1rea ocupacional es en el Sector Salud, en el marco de Instituciones Educativas y empresas. B\u00e1sicamente se pueden citar:<\/p>\n<ul>\n<li>Hospitales, cl\u00ednicas, sanatorios.<\/li>\n<li>Comunidad. Centros de Salud y \u00c1reas Program\u00e1ticas. Domicilios.<\/li>\n<li>Instituciones educativas <\/li>\n<li>Comit\u00e9s y grupos de trabajo disciplinares y\/o interdisciplinares<\/li>\n<\/ul>\n<p>El profesional de enfermer\u00eda trabajar\u00e1 de modo independiente e interdependiente en el marco del equipo de salud, en coordinaci\u00f3n con otros profesionales, t\u00e9cnicos y auxiliares.<\/p>\n<table>\n<tbody>\n<tr>\n<td colspan=\"2\" align=\"center\">\n<h2><strong><em><u>PRIMER A\u00d1O<\/u><\/em><\/strong><\/h2>\n<\/td>\n<\/tr>\n<tr>\n<td>\n        <strong><u>CAMPO DE LA FORMACI\u00d3N GENERAL<\/u><\/strong><br \/>\n            PSICOLOG\u00cdA<br \/>\n            TEOR\u00cdAS SOCIOCULTURALES DE LA SALUD\n      <\/td>\n<td>\n        <strong><u>CAMPO DE LA FORMACI\u00d3N DE FUNDAMENTO<\/u><\/strong><br \/>\n            CONDICIONES Y MEDIO AMBIENTE DEL TRABAJO<br \/>\n            SALUD P\u00daBLICA I<br \/>\n            BIOLOG\u00cdA HUMANA\n      <\/td>\n<td>\n        <strong><u>CAMPO DE LA FORMACI\u00d3N ESPEC\u00cdFICA<\/u><\/strong><br \/>\n            FUNDAMENTOS DEL CUIDADO<br \/>\n            CUIDADOS DE LA SALUD CENTRADOS EN LA COMUNIDAD Y LA FAMILIA<br \/>\n            TEOLOG\u00cdA I\n      <\/td>\n<td>\n        <strong><u>CAMPO DE LA FORMACI\u00d3N DE LA PR\u00c1CTICA PROFESIONALIZANTE<\/u><\/strong><br \/>\n            PR\u00c1CTICA PROFESIONALIZANTE I\n      <\/td>\n<\/tr>\n<tr>\n<td colspan=\"2\" align=\"center\">\n<h2><strong><em><u>SEGUNDO A\u00d1O<\/u><\/em><\/strong><\/h2>\n<\/td>\n<\/tr>\n<tr>\n<td>\n        <strong><u>CAMPO DE LA FORMACI\u00d3N GENERAL<\/u><\/strong><br \/>\n            COMUNICACI\u00d3N EN CIENCIAS DE LA SALUD<br \/>\n            INGL\u00c9S<br \/>\n            INTRODUCCI\u00d3N A LA METODOLOG\u00cdA DE INVESTIGACI\u00d3N EN SALUD\n      <\/td>\n<td>\n        <strong><u>CAMPO DE LA FORMACI\u00d3N DE FUNDAMENTO<\/u><\/strong><br \/>\n            NUTRICI\u00d3N Y DIETOTERAPIA<br \/>\n            SALUD P\u00daBLICA II\n      <\/td>\n<td>\n        <strong><u>CAMPO DE LA FORMACI\u00d3N ESPEC\u00cdFICA<\/u><\/strong><br \/>\n            FARMACOLOG\u00cdA EN ENFERMER\u00cdA<br \/>\n            ENFERMER\u00cdA MATERNO INFANTIL<br \/>\n            ENFERMER\u00cdA DEL ADULTO Y DEL ADULTO MAYOR I<br \/>\n            TEOLOG\u00cdA II\n      <\/td>\n<td>\n        <strong><u>CAMPO DE LA FORMACI\u00d3N DE LA PR\u00c1CTICA PROFESIONALIZANTE<\/u><\/strong><br \/>\n            PR\u00c1CTICA PROFESIONALIZANTE II\n      <\/td>\n<\/tr>\n<tr>\n<td colspan=\"2\" align=\"center\">\n<h2><strong><em><u>TERCER A\u00d1O<\/u><\/em><\/strong><\/h2>\n<\/td>\n<\/tr>\n<tr>\n<td>\n        <strong><u>CAMPO DE LA FORMACI\u00d3N GENERAL<\/u><\/strong><br \/>\n            ORGANIZACI\u00d3N Y GESTI\u00d3N DE SERVICIOS DE ENFERMER\u00cdA<br \/>\n            ASPECTOS BIO\u00c9TICOS Y LEGALES DE LA PROFESI\u00d3N\n      <\/td>\n<td>\n        <strong><u>CAMPO DE LA FORMACI\u00d3N DE FUNDAMENTO<\/u><\/strong><br \/>\n            ENFERMER\u00cdA EN SALUD MENTAL<br \/>\n            ENFERMER\u00cdA DEL ADULTO Y DEL ADULTO MAYOR II<br \/>\n            ENFERMER\u00cdA COMUNITARIA Y PR\u00c1CTICA EDUCATIVA EN SALUD.<br \/>\n            ENFERMER\u00cdA EN EMERGENCIAS Y CAT\u00c1STROFES<br \/>\n            TEOLOG\u00cdA III\n      <\/td>\n<td>\n        <strong><u>CAMPO DE LA FORMACI\u00d3N DE LA PR\u00c1CTICA PROFESIONALIZANTE<\/u><\/strong><br \/>\n            PR\u00c1CTICA PROFESIONALIZANTE III\n      <\/td>\n<\/tr>\n<\/tbody>\n<\/table>\n<p>&nbsp;<\/p>\n<div><b><a href=\"http:\/\/www.iscm.edu.ar\/\" target=\"_blank\" rel=\"noopener\" data-saferedirecturl=\"https:\/\/www.google.com\/url?hl=es&amp;q=http:\/\/www.iscm.com.ar\/&amp;source=gmail&amp;ust=1472859050977000&amp;usg=AFQjCNHmCFJdgNjCNqkiIKsN6RYOMtZkqA\"><span style=\"color: #000000;\">www.iscm.edu.ar<\/span><\/a><\/b><\/div>\n<div><b><span style=\"color: #000000;\">02324-421211<\/span><\/b><\/div>\n<div><span style=\"color: #000000;\"><b>Calle 15 y 114\u00a0<\/b><b>Mercedes B<\/b><\/span><\/div>\n<div><span style=\"color: #000000;\"><b>\u00a0<\/b><\/span><\/div>\n<div><\/div>\n<p>&nbsp;<\/p>\n","protected":false},"excerpt":{"rendered":"<p>Tecnicatura Superior en Enfermeria TITULO: Enfermero \/ Enfermera RESOLUCI\u00d3N 854\/16 PERFIL PROFESIONAL: La Tecnicatura Superior en Enfermer\u00eda tiene como principal prop\u00f3sito formar profesionales generalistas con preparaci\u00f3n cient\u00edfica, humana y capacitaci\u00f3n suficiente para valorar, identificar, actuar y evaluar las necesidades de salud y de cuidados de las personas, de las familias y la comunidad durante todo <a href=\"https:\/\/www.iscm.edu.ar\/web\/tecnicatura-superior-en-enfermeria\/\" rel=\"nofollow\"><span class=\"sr-only\">Leer m\u00e1sTecnicatura Superior en Enfermer\u00eda<\/span>[&hellip;]<\/a><\/p>\n","protected":false},"author":1,"featured_media":0,"parent":0,"menu_order":0,"comment_status":"closed","ping_status":"closed","template":"","meta":{"footnotes":""},"class_list":["post-1127","page","type-page","status-publish","hentry"],"_links":{"self":[{"href":"https:\/\/www.iscm.edu.ar\/web\/wp-json\/wp\/v2\/pages\/1127"}],"collection":[{"href":"https:\/\/www.iscm.edu.ar\/web\/wp-json\/wp\/v2\/pages"}],"about":[{"href":"https:\/\/www.iscm.edu.ar\/web\/wp-json\/wp\/v2\/types\/page"}],"author":[{"embeddable":true,"href":"https:\/\/www.iscm.edu.ar\/web\/wp-json\/wp\/v2\/users\/1"}],"replies":[{"embeddable":true,"href":"https:\/\/www.iscm.edu.ar\/web\/wp-json\/wp\/v2\/comments?post=1127"}],"version-history":[{"count":11,"href":"https:\/\/www.iscm.edu.ar\/web\/wp-json\/wp\/v2\/pages\/1127\/revisions"}],"predecessor-version":[{"id":1178,"href":"https:\/\/www.iscm.edu.ar\/web\/wp-json\/wp\/v2\/pages\/1127\/revisions\/1178"}],"wp:attachment":[{"href":"https:\/\/www.iscm.edu.ar\/web\/wp-json\/wp\/v2\/media?parent=1127"}],"curies":[{"name":"wp","href":"https:\/\/api.w.org\/{rel}","templated":true}]}}