{"id":1014,"date":"2024-09-23T21:51:27","date_gmt":"2024-09-23T21:51:27","guid":{"rendered":"https:\/\/www.iscm.edu.ar\/web\/?page_id=1014"},"modified":"2025-10-11T20:46:39","modified_gmt":"2025-10-11T20:46:39","slug":"tecnicatura-superior-en-practicas-deportivas","status":"publish","type":"page","link":"https:\/\/www.iscm.edu.ar\/web\/carreras\/tecnicatura-superior-en-practicas-deportivas\/","title":{"rendered":"Tecnicatura Superior en Pr\u00e1cticas Deportivas"},"content":{"rendered":"<h1><img loading=\"lazy\" decoding=\"async\" class=\"aligncenter wp-image-449 size-full\" src=\"https:\/\/www.iscm.edu.ar\/web\/wp-content\/uploads\/2025\/10\/practicas-deportivas-scaled.jpg\" alt=\"\" width=\"721\" height=\"172\" \/><\/h1>\n<p>&nbsp;<\/p>\n<p><strong><u>TITULO: <\/u><\/strong>T\u00c9CNICO SUPERIOR EN PR\u00c1CTICAS DEPORTIVAS<\/p>\n<p><strong>RESOLUCI\u00d3N \u00a02786\/20<\/strong><\/p>\n<p><u>MODALIDAD<strong>:<\/strong><\/u><strong>\u00a0PRESENCIAL\u00a0\u00a0\u00a0<\/strong><\/p>\n<p><strong>\u00a0<\/strong><\/p>\n<p><strong>PERFIL PROFESIONAL DEL TECNICO SUPERIOR:<\/strong><\/p>\n<p>El T\u00e9cnico Superior en Pr\u00e1cticas Deportivas es un profesional con la formaci\u00f3n necesaria para<br \/>\ndesempe\u00f1arse en el campo de las pr\u00e1cticas deportivas atendiendo a la diversidad de sujetos,<br \/>\n\u00e1mbitos y prop\u00f3sitos.<\/p>\n<p>Est\u00e1 capacitado para planificar, diagnosticar, desarrollar y evaluar propuestas de formaci\u00f3n en<br \/>\npr\u00e1cticas deportivas, en funci\u00f3n de los sujetos participantes, prop\u00f3sitos y \u00e1mbitos de realizaci\u00f3n<br \/>\nde las mismas. Del mismo modo, se encuentra habilitado para coordinar grupos de trabajo de<br \/>\nforma reflexiva, comprometida y al servicio de asegurar el acceso a las pr\u00e1cticas deportivas por<br \/>\nparte de la poblaci\u00f3n.<\/p>\n<p>Un t\u00e9cnico superior en pr\u00e1cticas deportivas comprende la complejidad de los deportes en la<br \/>\nactualidad, ponderando el valor social y cultural, respetando las posibilidades de cada sujeto,<br \/>\nsin distinciones de g\u00e9nero, clases sociales, edades, trayectorias previas ni capacidades motrices<br \/>\no f\u00edsicas.<\/p>\n<p>Adem\u00e1s posee capacidad para la organizaci\u00f3n de eventos deportivos, el trabajo<br \/>\ninterdisciplinario con otros t\u00e9cnicos, profesionales, de forma aut\u00f3noma o institucional y prestar<br \/>\nasesor\u00eda a otros t\u00e9cnicos, profesionales, sujetos y organizaciones vinculadas con el mundo de<br \/>\nlos deportes<\/p>\n<p><em><strong>\u00a0<\/strong><\/em>Plan de Estudio<\/p>\n<p><u>DURACI\u00d3N<\/u><strong>: 3 A\u00d1OS<\/strong><\/p>\n<p><a href=\"https:\/\/www.iscm.edu.ar\/web\/wp-content\/uploads\/2024\/09\/TECNICATURA-SUPERIOR-EN-PRACTICAS-DEPORTIVAS..pdf\" rel=\"noopener\" target=\"_blank\"><img decoding=\"async\" src=\"https:\/\/www.iscm.edu.ar\/web\/wp-content\/uploads\/2025\/10\/pdf-icon-png-22.png\" alt=\"pdf\" style=\"width:20px;height:20px;\"\/> Plan de la carrera<\/a><\/p>\n<table>\n<tbody>\n<tr>\n<td>\n<h2><strong><em><u>PRIMER NIVEL<\/u><\/em><\/strong><\/h2>\n<\/td>\n<\/tr>\n<tr>\n<td><strong><u>CAMPO DE LA FORMACI\u00d3N GENERAL<\/u><\/strong><br \/>\n      ESI en las Pr\u00e1cticas Deportivas\n      <\/td>\n<\/tr>\n<tr>\n<td><strong><u>CAMPO DE LA FORMACI\u00d3N DE FUNDAMENTO<\/u><\/strong><br \/>\n      Introducci\u00f3n a las Pr\u00e1cticas Deportivas<br \/>\n      Anatom\u00eda y Biomec\u00e1nica\n      <\/td>\n<\/tr>\n<tr>\n<td><strong><u>CAMPO DE LA FORMACI\u00d3N ESPEC\u00cdFICA<\/u><\/strong><br \/>\n      Pr\u00e1cticas Deportivas Acu\u00e1ticas<br \/>\n      Pr\u00e1cticas Deportivas Atl\u00e9ticas<br \/>\n      Pr\u00e1cticas Deportivas Sociocomunitarias\n      <\/td>\n<\/tr>\n<tr>\n<td><strong><u>CAMPO DE LA PP<\/u><\/strong><br \/>\n      Pr\u00e1cticas Profesionalizantes I\n      <\/td>\n<\/tr>\n<tr>\n<td>TEOLOG\u00cdA I<\/td>\n<\/tr>\n<tr>\n<td>\n<h2><strong><em><u>SEGUNDO NIVEL<\/u><\/em><\/strong><\/h2>\n<\/td>\n<\/tr>\n<tr>\n<td><strong><u>CAMPO DE LA FORMACI\u00d3N GENERAL<\/u><\/strong><br \/>\n      Cuidado de la Salud en las Pr\u00e1cticas Deportivas\n      <\/td>\n<\/tr>\n<tr>\n<td><strong><u>CAMPO DE LA FORMACI\u00d3N DE FUNDAMENTO<\/u><\/strong><br \/>\n      Historia Pol\u00edtica del Deporte en Argentina<br \/>\n      Fisiolog\u00eda Aplicada a las Pr\u00e1cticas Deportivas\n      <\/td>\n<\/tr>\n<tr>\n<td><strong><u>CAMPO DE LA FORMACI\u00d3N ESPEC\u00cdFICA<\/u><\/strong><br \/>\n      Pr\u00e1cticas Deportivas Gimn\u00e1sticas y Expresivas<br \/>\n      Pr\u00e1cticas Deportivas de Conjunto I<br \/>\n      Pr\u00e1cticas Deportivas Alternativas\n      <\/td>\n<\/tr>\n<tr>\n<td><strong><u>CAMPO DE LA PP<\/u><\/strong><br \/>\n      Pr\u00e1cticas Profesionalizantes II\n      <\/td>\n<\/tr>\n<tr>\n<td>TEOLOG\u00cdA II<\/td>\n<\/tr>\n<tr>\n<td>\n<h2><strong><em><u>TERCER NIVEL<\/u><\/em><\/strong><\/h2>\n<\/td>\n<\/tr>\n<tr>\n<td><strong><u>CAMPO DE LA FORMACI\u00d3N GENERAL<\/u><\/strong><br \/>\n      TICs en las Pr\u00e1cticas Deportivas\n      <\/td>\n<\/tr>\n<tr>\n<td><strong><u>CAMPO DE LA FORMACI\u00d3N DE FUNDAMENTO<\/u><\/strong><br \/>\n      Problemas Contempor\u00e1neos sobre la Pr\u00e1ctica Deportiva<br \/>\n      Teor\u00edas del Entrenamiento Deportivo\n      <\/td>\n<\/tr>\n<tr>\n<td><strong><u>CAMPO DE LA FORMACI\u00d3N ESPEC\u00cdFICA<\/u><\/strong><br \/>\n      EDI<br \/>\n      Pr\u00e1cticas Deportivas de Conjunto II<br \/>\n      Pr\u00e1cticas Deportivas para Personas con Discapacidad\n      <\/td>\n<\/tr>\n<tr>\n<td><strong><u>CAMPO DE LA PP<\/u><\/strong><br \/>\n      Pr\u00e1cticas Profesionalizantes III\n      <\/td>\n<\/tr>\n<tr>\n<td>TEOLOG\u00cdA III<\/td>\n<\/tr>\n<\/tbody>\n<\/table>\n<div><b><a href=\"https:\/\/www.iscm.edu.ar\/\" target=\"_blank\" rel=\"noopener\" data-saferedirecturl=\"https:\/\/www.google.com\/url?hl=es&amp;q=https:\/\/www.iscm.edu.ar\/&amp;source=gmail&amp;ust=1472859477701000&amp;usg=AFQjCNEEtI8rB7qM8FUjS-Q6qWtoRwMLiA\">www.iscm.edu.ar<\/a><\/b><\/div>\n<div><b>02324-421211<\/b><\/div>\n<div><b>Calle 15 y 114\u00a0<\/b><b>Mercedes B<\/b><\/div>\n","protected":false},"excerpt":{"rendered":"<p>&nbsp; TITULO: T\u00c9CNICO SUPERIOR EN PR\u00c1CTICAS DEPORTIVAS RESOLUCI\u00d3N \u00a02786\/20 MODALIDAD:\u00a0PRESENCIAL\u00a0\u00a0\u00a0 \u00a0 PERFIL PROFESIONAL DEL TECNICO SUPERIOR: El T\u00e9cnico Superior en Pr\u00e1cticas Deportivas es un profesional con la formaci\u00f3n necesaria para desempe\u00f1arse en el campo de las pr\u00e1cticas deportivas atendiendo a la diversidad de sujetos, \u00e1mbitos y prop\u00f3sitos. Est\u00e1 capacitado para planificar, diagnosticar, desarrollar y evaluar <a href=\"https:\/\/www.iscm.edu.ar\/web\/carreras\/tecnicatura-superior-en-practicas-deportivas\/\" rel=\"nofollow\"><span class=\"sr-only\">Leer m\u00e1sTecnicatura Superior en Pr\u00e1cticas Deportivas<\/span>[&hellip;]<\/a><\/p>\n","protected":false},"author":1,"featured_media":0,"parent":68,"menu_order":0,"comment_status":"closed","ping_status":"closed","template":"","meta":{"footnotes":""},"class_list":["post-1014","page","type-page","status-publish","hentry"],"_links":{"self":[{"href":"https:\/\/www.iscm.edu.ar\/web\/wp-json\/wp\/v2\/pages\/1014"}],"collection":[{"href":"https:\/\/www.iscm.edu.ar\/web\/wp-json\/wp\/v2\/pages"}],"about":[{"href":"https:\/\/www.iscm.edu.ar\/web\/wp-json\/wp\/v2\/types\/page"}],"author":[{"embeddable":true,"href":"https:\/\/www.iscm.edu.ar\/web\/wp-json\/wp\/v2\/users\/1"}],"replies":[{"embeddable":true,"href":"https:\/\/www.iscm.edu.ar\/web\/wp-json\/wp\/v2\/comments?post=1014"}],"version-history":[{"count":4,"href":"https:\/\/www.iscm.edu.ar\/web\/wp-json\/wp\/v2\/pages\/1014\/revisions"}],"predecessor-version":[{"id":1166,"href":"https:\/\/www.iscm.edu.ar\/web\/wp-json\/wp\/v2\/pages\/1014\/revisions\/1166"}],"up":[{"embeddable":true,"href":"https:\/\/www.iscm.edu.ar\/web\/wp-json\/wp\/v2\/pages\/68"}],"wp:attachment":[{"href":"https:\/\/www.iscm.edu.ar\/web\/wp-json\/wp\/v2\/media?parent=1014"}],"curies":[{"name":"wp","href":"https:\/\/api.w.org\/{rel}","templated":true}]}}